{"id":138,"date":"2015-04-02T15:25:34","date_gmt":"2015-04-02T13:25:34","guid":{"rendered":"http:\/\/www.kindergarten-traunreut.de\/cms\/?page_id=138"},"modified":"2025-06-10T10:44:19","modified_gmt":"2025-06-10T08:44:19","slug":"gebuehren","status":"publish","type":"page","link":"https:\/\/www.kindergarten-traunreut.de\/cms\/gebuehren\/","title":{"rendered":"Geb\u00fchren"},"content":{"rendered":"\r\n<p>Liebe Eltern, liebe Erziehungsberechtigte,<\/p>\r\n<p><br \/>wir m\u00f6chten Sie informieren, dass wir ab September 2024 eine p\u00e4dagogische Kernzeit von<br \/>8:30 Uhr bis 12:30 Uhr einf\u00fchren.<br \/>Hier die wichtigsten Informationen dazu:<\/p>\r\n<p><br \/><strong>Was ist eine p\u00e4dagogische Kernzeit? Und was \u00e4ndert sich?<\/strong><br \/>Eine p\u00e4dagogische Kernzeit ist eine zeitlich genaue Festlegung der Mindestbuchungszeit von<br \/>20 Stunden in der Woche. Die sogenannte Mindestbuchungszeit, die uns aufgrund der F\u00f6rderf\u00e4higkeit laut dem Bayerischen Kinder- und Bildungsgesetz (BayKiBiG) vorgegeben wird,<br \/>haben wir bereits. Neu ist die Festlegung der Mindestbuchungszeit von 8:30 Uhr bis 12:30<br \/>Uhr.<br \/>Dies bedeutet, dass Sie Ihre Kinder nur noch vor der p\u00e4dagogischen Kernzeit bringen und<br \/>erst nach der Kernzeit abholen k\u00f6nnen. Nat\u00fcrlich gibt es auch hier Ausnahmen, wie z.B.<br \/>Termine bei der Logop\u00e4die, Ergotherapie, Arztbesuche oder \u00c4hnliches. Bitte informieren Sie<br \/>das Personal im Vorfeld, falls Sie in der p\u00e4dagogischen Kernzeit Ihr Kind bringen oder abholen<br \/>m\u00fcssen.<\/p>\r\n<p><strong>Was hat uns dazu bewogen?<\/strong><br \/>Die Festlegung der Kernzeit dient laut Bayerischen Erziehungs- und Bildungsplan (BEP) dazu,<br \/>dass die p\u00e4dagogischen Kr\u00e4fte \u00fcber einen bestimmten Zeitraum hinweg konzentriert mit den<br \/>Kindern eine p\u00e4dagogische qualit\u00e4tsvolle Bildungsarbeit leisten k\u00f6nnen, ohne durch das Holen und Bringen der Kinder gest\u00f6rt zu werden. Somit kann Ihr Kind ungest\u00f6rt an p\u00e4dagogischen Angeboten teilnehmen, der Morgenkreis wird nicht mehr st\u00e4ndig unterbrochen, Ausfl\u00fcge k\u00f6nnen leichter durchgef\u00fchrt werden, die Kinder k\u00f6nnen in Ruhe Mittag essen, die Einschlafzeit der Kinder wird nicht mehr durch das Abholen oder durch die Ger\u00e4uschkulisse im<br \/>Gang gest\u00f6rt \u2026und vieles mehr hat uns zu dieser Entscheidung gebracht.<\/p>\r\n<p><br \/><strong>Welche Auswirkungen hat die Kernzeit auf die Buchungszeit?<\/strong><br \/>Die Buchungszeit beginnt mit dem Betreten des Kindergartens und endet mit dessen<br \/>Verlassen. Von daher ist mindestens die Buchungskategorie von 4-5 Stunden an 5<br \/>Wochentagen zu buchen.\u00a0 Das Personal steht Ihnen zur Verf\u00fcgung, um gemeinsam den Buchungsbeleg<br \/>auszuf\u00fcllen und Ihre offenen Fragen zu kl\u00e4ren.<\/p>\r\n<p><br \/>Vielen Dank! Bei R\u00fcckfragen stehen wir gerne zur Verf\u00fcgung!<\/p>\r\n<p>&nbsp;<\/p>\r\n<p>Hier die Geb\u00fchrentabelle ab September 2025, inklusive sind dabei alle monatlichen Kosten wie z.B. Obst-, Tee, Brotzeit- und Spielgeld und die Betreuungskosten:<\/p>\r\n<p><a href=\"https:\/\/www.kindergarten-traunreut.de\/cms\/wp-content\/uploads\/2025\/06\/Gebuehrentabelle-25-und-26.pdf\" class=\"mtli_attachment mtli_pdf\">Geb\u00fchrentabelle 25 und 26<\/a><\/p>\r\n<p>&nbsp;<\/p>\r\n","protected":false},"excerpt":{"rendered":"<p>Liebe Eltern, liebe Erziehungsberechtigte, wir m\u00f6chten Sie informieren, dass wir ab September 2024 eine p\u00e4dagogische Kernzeit von8:30 Uhr bis 12:30 Uhr einf\u00fchren.Hier die wichtigsten Informationen dazu: Was ist eine p\u00e4dagogische Kernzeit? Und was \u00e4ndert sich?Eine p\u00e4dagogische Kernzeit ist eine zeitlich genaue Festlegung der Mindestbuchungszeit von20 Stunden in der Woche. Die sogenannte Mindestbuchungszeit, die uns aufgrund &#8230; <a title=\"Geb\u00fchren\" class=\"read-more\" href=\"https:\/\/www.kindergarten-traunreut.de\/cms\/gebuehren\/\" aria-label=\"Mehr dazu unter Geb\u00fchren\">Weiterlesen<\/a><\/p>\n","protected":false},"author":1,"featured_media":0,"parent":0,"menu_order":3,"comment_status":"closed","ping_status":"closed","template":"","meta":{"footnotes":""},"class_list":["post-138","page","type-page","status-publish"],"_links":{"self":[{"href":"https:\/\/www.kindergarten-traunreut.de\/cms\/wp-json\/wp\/v2\/pages\/138","targetHints":{"allow":["GET"]}}],"collection":[{"href":"https:\/\/www.kindergarten-traunreut.de\/cms\/wp-json\/wp\/v2\/pages"}],"about":[{"href":"https:\/\/www.kindergarten-traunreut.de\/cms\/wp-json\/wp\/v2\/types\/page"}],"author":[{"embeddable":true,"href":"https:\/\/www.kindergarten-traunreut.de\/cms\/wp-json\/wp\/v2\/users\/1"}],"replies":[{"embeddable":true,"href":"https:\/\/www.kindergarten-traunreut.de\/cms\/wp-json\/wp\/v2\/comments?post=138"}],"version-history":[{"count":20,"href":"https:\/\/www.kindergarten-traunreut.de\/cms\/wp-json\/wp\/v2\/pages\/138\/revisions"}],"predecessor-version":[{"id":1869,"href":"https:\/\/www.kindergarten-traunreut.de\/cms\/wp-json\/wp\/v2\/pages\/138\/revisions\/1869"}],"wp:attachment":[{"href":"https:\/\/www.kindergarten-traunreut.de\/cms\/wp-json\/wp\/v2\/media?parent=138"}],"curies":[{"name":"wp","href":"https:\/\/api.w.org\/{rel}","templated":true}]}}