{"id":1359,"date":"2024-12-10T14:30:33","date_gmt":"2024-12-10T13:30:33","guid":{"rendered":"https:\/\/www.kindergarten-traunreut.de\/cms\/?page_id=1359"},"modified":"2025-10-27T14:53:30","modified_gmt":"2025-10-27T13:53:30","slug":"unser-traeger","status":"publish","type":"page","link":"https:\/\/www.kindergarten-traunreut.de\/cms\/unser-team\/unser-traeger\/","title":{"rendered":"Unser Tr\u00e4ger"},"content":{"rendered":"<p>Sehr geehrte Eltern,<\/p>\n<p>&nbsp;<\/p>\n<p>&nbsp;<\/p>\n<p>&nbsp;<\/p>\n<p>mein Name ist Amelie Friemann und freue mich sehr, mich Ihnen als neue Kita- Gesch\u00e4ftsf\u00fchrerin vorzustellen.<\/p>\n<p><img loading=\"lazy\" decoding=\"async\" class=\"size-medium wp-image-1885 aligncenter\" src=\"https:\/\/www.kindergarten-traunreut.de\/cms\/wp-content\/uploads\/2025\/10\/amelie-friemann-330x500.jpg\" alt=\"\" width=\"330\" height=\"500\" srcset=\"https:\/\/www.kindergarten-traunreut.de\/cms\/wp-content\/uploads\/2025\/10\/amelie-friemann-330x500.jpg 330w, https:\/\/www.kindergarten-traunreut.de\/cms\/wp-content\/uploads\/2025\/10\/amelie-friemann-676x1024.jpg 676w, https:\/\/www.kindergarten-traunreut.de\/cms\/wp-content\/uploads\/2025\/10\/amelie-friemann-768x1164.jpg 768w, https:\/\/www.kindergarten-traunreut.de\/cms\/wp-content\/uploads\/2025\/10\/amelie-friemann-1013x1536.jpg 1013w, https:\/\/www.kindergarten-traunreut.de\/cms\/wp-content\/uploads\/2025\/10\/amelie-friemann-1351x2048.jpg 1351w, https:\/\/www.kindergarten-traunreut.de\/cms\/wp-content\/uploads\/2025\/10\/amelie-friemann-scaled.jpg 1689w\" sizes=\"auto, (max-width: 330px) 100vw, 330px\" \/><\/p>\n<p>&nbsp;<\/p>\n<p>Ich habe Soziale Arbeit studiert und bringe sowohl fachliche Kompetenz als auch gro\u00dfe Begeisterung f\u00fcr die p\u00e4dagogische Arbeit mit.<\/p>\n<p>&nbsp;<\/p>\n<p>2019 hat es mich aus dem turbulenten Frankfurt in das ruhigere Bayern verschlagen \u2013 eine Entscheidung, die<\/p>\n<p>&nbsp;<\/p>\n<p>&nbsp;<\/p>\n<p>ich bis heute sehr genie\u00dfe. Die N\u00e4he zur Natur, die Herzlichkeit der Menschen und das etwas entschleunigte Leben bieten f\u00fcr mich genau den richtigen Ausgleich.<\/p>\n<p>&nbsp;<\/p>\n<p>Beruflich ist mir besonders wichtig, gemeinsam mit einem engagierten Team eine vertrauensvolle Umgebung f\u00fcr Kinder, Familien und Mitarbeitende zu schaffen. Ich bin \u00fcberzeugt davon, dass starke Beziehungen und gegenseitige Wertsch\u00e4tzung die Grundlage f\u00fcr gute p\u00e4dagogische Arbeit sind. Ich bin ein Team-Mensch, neugierig auf Neues, offen, humorvoll und bereit, Verantwortung zu \u00fcbernehmen \u2013 mit Herz und Verstand.<\/p>\n<p>&nbsp;<\/p>\n<p>Privat reise ich gerne mit dem Camper, entdecke neue Orte, sammle Eindr\u00fccke \u2013 und genie\u00dfe es genauso, mit einem spannenden Buch auf dem Sofa abzutauchen. Diese Mischung aus Abenteuerlust und Ruhe passt gut zu mir \u2013 und auch zu meiner Vorstellung von F\u00fchrung: aktiv, mit Blick f\u00fcrs Ganze und zugleich einf\u00fchlsam und nahbar.<\/p>\n<p>&nbsp;<\/p>\n<p>&nbsp;<\/p>\n<p>Ein Zitat, das mich begleitet und gut zu diesem Neubeginn passt, ist: \u201eJeder Neuanfang ist eine Chance, etwas Wertvolles zu gestalten.\u201c<\/p>\n<p>&nbsp;<\/p>\n<p>Ich freue mich sehr auf die neuen Aufgaben, auf viele spannende Begegnungen und darauf, gemeinsam mit Ihnen die Zukunft der Kita aktiv mitzugestalten.<\/p>\n<p>&nbsp;<\/p>\n<p>Herzliche Gr\u00fc\u00dfe<\/p>\n<p>&nbsp;<\/p>\n<p>Amelie Frieman<\/p>\n<p>&nbsp;<\/p>\n","protected":false},"excerpt":{"rendered":"<p>Sehr geehrte Eltern, &nbsp; &nbsp; &nbsp; mein Name ist Amelie Friemann und freue mich sehr, mich Ihnen als neue Kita- Gesch\u00e4ftsf\u00fchrerin vorzustellen. &nbsp; Ich habe Soziale Arbeit studiert und bringe sowohl fachliche Kompetenz als auch gro\u00dfe Begeisterung f\u00fcr die p\u00e4dagogische Arbeit mit. &nbsp; 2019 hat es mich aus dem turbulenten Frankfurt in das ruhigere Bayern &#8230; <a title=\"Unser Tr\u00e4ger\" class=\"read-more\" href=\"https:\/\/www.kindergarten-traunreut.de\/cms\/unser-team\/unser-traeger\/\" aria-label=\"Mehr dazu unter Unser Tr\u00e4ger\">Weiterlesen<\/a><\/p>\n","protected":false},"author":1,"featured_media":0,"parent":838,"menu_order":0,"comment_status":"closed","ping_status":"closed","template":"","meta":{"footnotes":""},"class_list":["post-1359","page","type-page","status-publish"],"_links":{"self":[{"href":"https:\/\/www.kindergarten-traunreut.de\/cms\/wp-json\/wp\/v2\/pages\/1359","targetHints":{"allow":["GET"]}}],"collection":[{"href":"https:\/\/www.kindergarten-traunreut.de\/cms\/wp-json\/wp\/v2\/pages"}],"about":[{"href":"https:\/\/www.kindergarten-traunreut.de\/cms\/wp-json\/wp\/v2\/types\/page"}],"author":[{"embeddable":true,"href":"https:\/\/www.kindergarten-traunreut.de\/cms\/wp-json\/wp\/v2\/users\/1"}],"replies":[{"embeddable":true,"href":"https:\/\/www.kindergarten-traunreut.de\/cms\/wp-json\/wp\/v2\/comments?post=1359"}],"version-history":[{"count":10,"href":"https:\/\/www.kindergarten-traunreut.de\/cms\/wp-json\/wp\/v2\/pages\/1359\/revisions"}],"predecessor-version":[{"id":1886,"href":"https:\/\/www.kindergarten-traunreut.de\/cms\/wp-json\/wp\/v2\/pages\/1359\/revisions\/1886"}],"up":[{"embeddable":true,"href":"https:\/\/www.kindergarten-traunreut.de\/cms\/wp-json\/wp\/v2\/pages\/838"}],"wp:attachment":[{"href":"https:\/\/www.kindergarten-traunreut.de\/cms\/wp-json\/wp\/v2\/media?parent=1359"}],"curies":[{"name":"wp","href":"https:\/\/api.w.org\/{rel}","templated":true}]}}