{"id":1350,"date":"2021-05-04T14:06:44","date_gmt":"2021-05-04T12:06:44","guid":{"rendered":"https:\/\/www.kindergarten-traunreut.de\/cms\/?page_id=1350"},"modified":"2026-02-16T14:49:17","modified_gmt":"2026-02-16T13:49:17","slug":"wie-melde-ich-mein-kind-an","status":"publish","type":"page","link":"https:\/\/www.kindergarten-traunreut.de\/cms\/anmeldung-aufnahme\/wie-melde-ich-mein-kind-an\/","title":{"rendered":"Wie melde ich mein Kind an?"},"content":{"rendered":"<p>&nbsp;<\/p>\n<p><span class=\"Stil4\">Wir nehmen Kinder ab 1,5 Jahren auf (Kleinkindergruppe), ab dem Alter von ca. 3 Jahren kommen die Kinder in eine Regelgruppe.<br \/>\n<\/span><\/p>\n<p>Der \u00dcbergang zwischen Kleinkindergruppe und Regelgruppe ist zum September flie\u00dfend, es muss keine neue Anmeldung ausgef\u00fcllt werden.<\/p>\n<p>ab sofort sind die Anmeldungen nur noch \u00fcber das neue KiTa-Portal m\u00f6glich. Bitte nutzen Sie dazu folgenden Link:<\/p>\n<p><a href=\"https:\/\/www.buergerservice-portal.de\/bayern\/traunreut\/bsp_kita_anmeldung\/#\/\">https:\/\/www.buergerservice-portal.de\/bayern\/traunreut\/bsp_kita_anmeldung\/#\/<\/a><\/p>\n<p><a href=\"https:\/\/www.kindergarten-traunreut.de\/cms\/wp-content\/uploads\/2023\/08\/Info_KitaBedarfsanmeldung.pdf\" class=\"mtli_attachment mtli_pdf\">Info_KitaBedarfsanmeldung<\/a><\/p>\n<p><a href=\"https:\/\/www.kindergarten-traunreut.de\/cms\/wp-content\/uploads\/2023\/08\/Anmeldung_KiTa-Portal.pdf\" class=\"mtli_attachment mtli_pdf\">Anmeldung_KiTa-Portal<\/a><\/p>\n<p><a href=\"https:\/\/www.kindergarten-traunreut.de\/cms\/wp-content\/uploads\/2023\/08\/Anleitung_BayernID_de.pdf\" class=\"mtli_attachment mtli_pdf\">Anleitung_BayernID_de<\/a><\/p>\n<p><span class=\"Stil4\"> Nach vorheriger Terminabsprache bekommen Sie gerne eine Hausf\u00fchrung.<\/span><\/p>\n<p>Bitte rufen Sie uns an unter Telefon: 08669\/4478 oder schreiben uns eine email <a href=\"javascript:DeCryptX('1l1j3j0a0.0t1s0a3x2p1s3h3x1u2B2g3o2m3e310d2g')\">kiga [dot] traunreut [at] elkb [dot] de<\/a><\/p>\n","protected":false},"excerpt":{"rendered":"<p>&nbsp; Wir nehmen Kinder ab 1,5 Jahren auf (Kleinkindergruppe), ab dem Alter von ca. 3 Jahren kommen die Kinder in eine Regelgruppe. Der \u00dcbergang zwischen Kleinkindergruppe und Regelgruppe ist zum September flie\u00dfend, es muss keine neue Anmeldung ausgef\u00fcllt werden. ab sofort sind die Anmeldungen nur noch \u00fcber das neue KiTa-Portal m\u00f6glich. Bitte nutzen Sie dazu &#8230; <a title=\"Wie melde ich mein Kind an?\" class=\"read-more\" href=\"https:\/\/www.kindergarten-traunreut.de\/cms\/anmeldung-aufnahme\/wie-melde-ich-mein-kind-an\/\" aria-label=\"Mehr dazu unter Wie melde ich mein Kind an?\">Weiterlesen<\/a><\/p>\n","protected":false},"author":1,"featured_media":0,"parent":136,"menu_order":1,"comment_status":"closed","ping_status":"closed","template":"","meta":{"footnotes":""},"class_list":["post-1350","page","type-page","status-publish"],"_links":{"self":[{"href":"https:\/\/www.kindergarten-traunreut.de\/cms\/wp-json\/wp\/v2\/pages\/1350","targetHints":{"allow":["GET"]}}],"collection":[{"href":"https:\/\/www.kindergarten-traunreut.de\/cms\/wp-json\/wp\/v2\/pages"}],"about":[{"href":"https:\/\/www.kindergarten-traunreut.de\/cms\/wp-json\/wp\/v2\/types\/page"}],"author":[{"embeddable":true,"href":"https:\/\/www.kindergarten-traunreut.de\/cms\/wp-json\/wp\/v2\/users\/1"}],"replies":[{"embeddable":true,"href":"https:\/\/www.kindergarten-traunreut.de\/cms\/wp-json\/wp\/v2\/comments?post=1350"}],"version-history":[{"count":4,"href":"https:\/\/www.kindergarten-traunreut.de\/cms\/wp-json\/wp\/v2\/pages\/1350\/revisions"}],"predecessor-version":[{"id":1929,"href":"https:\/\/www.kindergarten-traunreut.de\/cms\/wp-json\/wp\/v2\/pages\/1350\/revisions\/1929"}],"up":[{"embeddable":true,"href":"https:\/\/www.kindergarten-traunreut.de\/cms\/wp-json\/wp\/v2\/pages\/136"}],"wp:attachment":[{"href":"https:\/\/www.kindergarten-traunreut.de\/cms\/wp-json\/wp\/v2\/media?parent=1350"}],"curies":[{"name":"wp","href":"https:\/\/api.w.org\/{rel}","templated":true}]}}