{"id":1348,"date":"2021-05-04T14:01:37","date_gmt":"2021-05-04T12:01:37","guid":{"rendered":"https:\/\/www.kindergarten-traunreut.de\/cms\/?page_id=1348"},"modified":"2021-05-04T14:01:37","modified_gmt":"2021-05-04T12:01:37","slug":"der-uebergang-in-den-kindergarten","status":"publish","type":"page","link":"https:\/\/www.kindergarten-traunreut.de\/cms\/anmeldung-aufnahme\/der-uebergang-in-den-kindergarten\/","title":{"rendered":"Der \u00dcbergang in den Kindergarten"},"content":{"rendered":"<p>Beim \u00dcbergang m\u00fcssen alle Beteiligten, Kinder, Eltern und p\u00e4d. Personal konstruktiv miteinander arbeiten, es werden folgende Ziele angestrebt:<\/p>\n<p><strong>F\u00fcr das Kind:<\/strong><\/p>\n<ul>\n<li>Trennungs\u00e4ngste bew\u00e4ltigen und Spannungen aushalten, indem die noch anwesenden Eltern als sichere Basis genutzt werden.<\/li>\n<li>Die neue Umgebung kennen zu lernen.<\/li>\n<li>Gleichzeitiges Verarbeiten vieler neuer Eindr\u00fccke in relativ kurzer Zeit.<\/li>\n<li>Das Kind muss sich die Besonderheiten der Gruppe (Regeln, Tagesablauf, R\u00e4ume) zu eigen machen.<\/li>\n<li>Eine Bindung und Beziehung zum Personal aufbauen.<\/li>\n<li>Kontakte zu den einzelnen Kindern kn\u00fcpfen, ausbauen und vertiefen.<\/li>\n<li>Sich in eine bestehende Gruppe eingliedern, eine Position\u00a0 in der Gruppe finden.<\/li>\n<li>Sich auf einen neuen Tages- Wochen und Jahresablauf einstellen k\u00f6nnen.<\/li>\n<\/ul>\n<p><strong>F\u00fcr die Eltern:<\/strong><\/p>\n<ul>\n<li>Positiv denken, \u201eIch bin Mutter und mein Kind besucht einen Kindergarten, was seiner Entwicklung f\u00f6rderlich ist\u201c.<\/li>\n<li>Sich erstmalig f\u00fcr l\u00e4ngere Zeit vom Kind losl\u00f6sen k\u00f6nnen.<\/li>\n<li>Bereitschaft, neue Regeln und andere Kommunikationsstile zu akzeptieren.<\/li>\n<li>Bereitschaft, die Erziehungsarbeit unseres Hauses mit zutragen und dem Kind im \u00dcbergangsprozess Unterst\u00fctzung anzubieten.<\/li>\n<li>Die Freude \u00fcber Entwicklungsfortschritte und zunehmende Selbst\u00e4ndigkeit des Kindes mit ihm zu teilen.<\/li>\n<li>Eine vertrauensvolle Beziehung zum Personal aufzubauen und nicht als Konkurrenz zu betrachten.<\/li>\n<li>Nicht nur das eigene Kind, sondern die Interessen und Bed\u00fcrfnisse der Gruppe und der Einrichtung beachten.<\/li>\n<li>Mit den unterschiedlichen\u00a0 Anforderungen von Familie, Kindergarten und Beruf zurechtzukommen.<\/li>\n<\/ul>\n<p><strong>F\u00fcr die Erzieher:<\/strong><\/p>\n<ul>\n<li>Bereitschaft, sich auf neue Kinder einzustellen und auf deren individuellen F\u00e4higkeiten, Fertigkeiten und Charaktere einzugehen.<\/li>\n<li>Eltern \u00fcber Einrichtung und den Verlauf der Eingew\u00f6hnung umfassend zu informieren.<\/li>\n<li>Kinder bei der Trennung von den Eltern unterst\u00fctzen und dabei behilflich sein, sich in neuer Umgebung einzugew\u00f6hnen.<\/li>\n<\/ul>\n","protected":false},"excerpt":{"rendered":"<p>Beim \u00dcbergang m\u00fcssen alle Beteiligten, Kinder, Eltern und p\u00e4d. Personal konstruktiv miteinander arbeiten, es werden folgende Ziele angestrebt: F\u00fcr das Kind: Trennungs\u00e4ngste bew\u00e4ltigen und Spannungen aushalten, indem die noch anwesenden Eltern als sichere Basis genutzt werden. Die neue Umgebung kennen zu lernen. Gleichzeitiges Verarbeiten vieler neuer Eindr\u00fccke in relativ kurzer Zeit. Das Kind muss sich &#8230; <a title=\"Der \u00dcbergang in den Kindergarten\" class=\"read-more\" href=\"https:\/\/www.kindergarten-traunreut.de\/cms\/anmeldung-aufnahme\/der-uebergang-in-den-kindergarten\/\" aria-label=\"Mehr dazu unter Der \u00dcbergang in den Kindergarten\">Weiterlesen<\/a><\/p>\n","protected":false},"author":1,"featured_media":0,"parent":136,"menu_order":3,"comment_status":"closed","ping_status":"closed","template":"","meta":{"footnotes":""},"class_list":["post-1348","page","type-page","status-publish"],"_links":{"self":[{"href":"https:\/\/www.kindergarten-traunreut.de\/cms\/wp-json\/wp\/v2\/pages\/1348","targetHints":{"allow":["GET"]}}],"collection":[{"href":"https:\/\/www.kindergarten-traunreut.de\/cms\/wp-json\/wp\/v2\/pages"}],"about":[{"href":"https:\/\/www.kindergarten-traunreut.de\/cms\/wp-json\/wp\/v2\/types\/page"}],"author":[{"embeddable":true,"href":"https:\/\/www.kindergarten-traunreut.de\/cms\/wp-json\/wp\/v2\/users\/1"}],"replies":[{"embeddable":true,"href":"https:\/\/www.kindergarten-traunreut.de\/cms\/wp-json\/wp\/v2\/comments?post=1348"}],"version-history":[{"count":1,"href":"https:\/\/www.kindergarten-traunreut.de\/cms\/wp-json\/wp\/v2\/pages\/1348\/revisions"}],"predecessor-version":[{"id":1349,"href":"https:\/\/www.kindergarten-traunreut.de\/cms\/wp-json\/wp\/v2\/pages\/1348\/revisions\/1349"}],"up":[{"embeddable":true,"href":"https:\/\/www.kindergarten-traunreut.de\/cms\/wp-json\/wp\/v2\/pages\/136"}],"wp:attachment":[{"href":"https:\/\/www.kindergarten-traunreut.de\/cms\/wp-json\/wp\/v2\/media?parent=1348"}],"curies":[{"name":"wp","href":"https:\/\/api.w.org\/{rel}","templated":true}]}}