{"id":134,"date":"2015-04-02T15:18:19","date_gmt":"2015-04-02T13:18:19","guid":{"rendered":"http:\/\/www.kindergarten-traunreut.de\/cms\/?page_id=134"},"modified":"2023-08-03T09:33:29","modified_gmt":"2023-08-03T07:33:29","slug":"wir-bieten-ihnen","status":"publish","type":"page","link":"https:\/\/www.kindergarten-traunreut.de\/cms\/wir-bieten-ihnen\/","title":{"rendered":"Unser Angebot"},"content":{"rendered":"\r\n<h1 class=\"wp-block-heading\">Wir bieten Ihnen<\/h1>\r\n\r\n\r\n\r\n<ul class=\"wp-block-list\">\r\n<li><strong>\u00a0\u00d6ffnungszeiten <\/strong>7:30 Uhr bis 15:00 Uhr, freitags bis 14 Uhr<\/li>\r\n<li><strong>Individuelle Buchungszeiten\u00a0<\/strong>zwischen 4 und 7,5 Stunden am Tag<\/li>\r\n<li><strong>Warmes Mittagessen\u00a0<\/strong>wird t\u00e4glich frisch geliefert<\/li>\r\n<li><strong>Mittagsschlaf\u00a0<\/strong>bei Bedarf<\/li>\r\n<li><strong>Regelm\u00e4\u00dfige Entwicklungsgespr\u00e4che <\/strong>anhand von Beobachtungsb\u00f6gen<\/li>\r\n<li><strong>Erziehungspartnerschaft\u00a0<\/strong>Eltern- Kind- Kindergarten<\/li>\r\n<li><strong>Hospitation\u00a0<\/strong>Eltern k\u00f6nnen einen Tag im Kindergarten erleben<\/li>\r\n<li><strong>Zusammenarbeit\u00a0<\/strong>mit Grundschulen, Fr\u00fchf\u00f6rderung, Logop\u00e4den und Familienst\u00fctzpunkt<\/li>\r\n<li><strong>Schriftliches Konzept<\/strong><\/li>\r\n<\/ul>\r\n<h1><img loading=\"lazy\" decoding=\"async\" class=\"wp-image-1324 alignnone\" style=\"font-size: 16px;\" src=\"https:\/\/www.kindergarten-traunreut.de\/cms\/wp-content\/uploads\/2021\/05\/children-5984874_1920-500x256.png\" alt=\"\" width=\"476\" height=\"244\" srcset=\"https:\/\/www.kindergarten-traunreut.de\/cms\/wp-content\/uploads\/2021\/05\/children-5984874_1920-500x256.png 500w, https:\/\/www.kindergarten-traunreut.de\/cms\/wp-content\/uploads\/2021\/05\/children-5984874_1920-1024x525.png 1024w, https:\/\/www.kindergarten-traunreut.de\/cms\/wp-content\/uploads\/2021\/05\/children-5984874_1920-768x394.png 768w, https:\/\/www.kindergarten-traunreut.de\/cms\/wp-content\/uploads\/2021\/05\/children-5984874_1920-1536x787.png 1536w, https:\/\/www.kindergarten-traunreut.de\/cms\/wp-content\/uploads\/2021\/05\/children-5984874_1920.png 1920w\" sizes=\"auto, (max-width: 476px) 100vw, 476px\" \/><\/h1>\r\n\r\n\r\n\r\n<h1 class=\"wp-block-heading\">Im Mittelpunkt steht f\u00fcr uns<\/h1>\r\n\r\n\r\n\r\n<ul class=\"wp-block-list\">\r\n<li>Ihr Kind als einmaliges Wesen mit ganz pers\u00f6nlichen St\u00e4rken.<\/li>\r\n<li>Impulse, Materialien und R\u00e4ume, die Ihr Kind auf seinem Lernweg unterst\u00fctzen.<\/li>\r\n<li>Projektarbeit<\/li>\r\n<li>Bildungs- und Lernm\u00f6glichkeiten in den verschiedenen Bildungsbereichen.<\/li>\r\n<li>Hohe Kinderbeteiligung (Offene Gruppen)<\/li>\r\n<li>Zertifizierte Sprachf\u00f6rderung f\u00fcr alle Kinder (speziell geschultes Personal).<\/li>\r\n<li>Umsetzung des Bayerischen Bildungs- und Erziehungsplans.<\/li>\r\n<li>Regelm\u00e4\u00dfige Fortbildung unserer Mitarbeiter.<\/li>\r\n<li>Als Kindergarten in evangelischer Tr\u00e4gerschaft verstehen wir uns als Teil der Kirchengemeinde Traunreut.<\/li>\r\n<li>Die Kinder kommen mit den Festen im Kirchenjahr im Ber\u00fchrung.<\/li>\r\n<li>Die Kinder lernen Geschichten aus der Bibel kennen.<\/li>\r\n<li>Eltern und Kinder sind bei Interesse eingeladen, am Gemeindeleben teilzunehmen und in der Paulusgemeinde eine Heimat zu finden.<\/li>\r\n<\/ul>\r\n<p><img loading=\"lazy\" decoding=\"async\" class=\" wp-image-1382 alignnone\" src=\"https:\/\/www.kindergarten-traunreut.de\/cms\/wp-content\/uploads\/2021\/05\/kids-2030260_1920-500x375.jpg\" alt=\"\" width=\"451\" height=\"338\" srcset=\"https:\/\/www.kindergarten-traunreut.de\/cms\/wp-content\/uploads\/2021\/05\/kids-2030260_1920-500x375.jpg 500w, https:\/\/www.kindergarten-traunreut.de\/cms\/wp-content\/uploads\/2021\/05\/kids-2030260_1920-1024x768.jpg 1024w, https:\/\/www.kindergarten-traunreut.de\/cms\/wp-content\/uploads\/2021\/05\/kids-2030260_1920-768x576.jpg 768w, https:\/\/www.kindergarten-traunreut.de\/cms\/wp-content\/uploads\/2021\/05\/kids-2030260_1920-1536x1152.jpg 1536w, https:\/\/www.kindergarten-traunreut.de\/cms\/wp-content\/uploads\/2021\/05\/kids-2030260_1920.jpg 1920w\" sizes=\"auto, (max-width: 451px) 100vw, 451px\" \/><\/p>\r\n\r\n\r\n\r\n<h1 class=\"wp-block-heading\"><strong>Ihr Kind erlebt vielseitige Angebote<\/strong><\/h1>\r\n\r\n\r\n\r\n<ul class=\"wp-block-list\">\r\n<li>Morgenkreis und Gespr\u00e4chsrunden<\/li>\r\n<li>T\u00e4gliche Bewegungsangebote<\/li>\r\n<li>Entdeckendes Lernen<\/li>\r\n<li>Vorschulgruppe<\/li>\r\n<li>Portfolioarbeit: Entwicklungsmappen f\u00fcr jedes Kind<\/li>\r\n<li>Kinderb\u00fccherei, Erlebnisgarten<\/li>\r\n<li>Ausfl\u00fcge und Waldspazierg\u00e4nge<\/li>\r\n<\/ul>\r\n","protected":false},"excerpt":{"rendered":"<p>Wir bieten Ihnen \u00a0\u00d6ffnungszeiten 7:30 Uhr bis 15:00 Uhr, freitags bis 14 Uhr Individuelle Buchungszeiten\u00a0zwischen 4 und 7,5 Stunden am Tag Warmes Mittagessen\u00a0wird t\u00e4glich frisch geliefert Mittagsschlaf\u00a0bei Bedarf Regelm\u00e4\u00dfige Entwicklungsgespr\u00e4che anhand von Beobachtungsb\u00f6gen Erziehungspartnerschaft\u00a0Eltern- Kind- Kindergarten Hospitation\u00a0Eltern k\u00f6nnen einen Tag im Kindergarten erleben Zusammenarbeit\u00a0mit Grundschulen, Fr\u00fchf\u00f6rderung, Logop\u00e4den und Familienst\u00fctzpunkt Schriftliches Konzept Im Mittelpunkt steht f\u00fcr &#8230; <a title=\"Unser Angebot\" class=\"read-more\" href=\"https:\/\/www.kindergarten-traunreut.de\/cms\/wir-bieten-ihnen\/\" aria-label=\"Mehr dazu unter Unser Angebot\">Weiterlesen<\/a><\/p>\n","protected":false},"author":1,"featured_media":0,"parent":0,"menu_order":2,"comment_status":"closed","ping_status":"closed","template":"","meta":{"footnotes":""},"class_list":["post-134","page","type-page","status-publish"],"_links":{"self":[{"href":"https:\/\/www.kindergarten-traunreut.de\/cms\/wp-json\/wp\/v2\/pages\/134","targetHints":{"allow":["GET"]}}],"collection":[{"href":"https:\/\/www.kindergarten-traunreut.de\/cms\/wp-json\/wp\/v2\/pages"}],"about":[{"href":"https:\/\/www.kindergarten-traunreut.de\/cms\/wp-json\/wp\/v2\/types\/page"}],"author":[{"embeddable":true,"href":"https:\/\/www.kindergarten-traunreut.de\/cms\/wp-json\/wp\/v2\/users\/1"}],"replies":[{"embeddable":true,"href":"https:\/\/www.kindergarten-traunreut.de\/cms\/wp-json\/wp\/v2\/comments?post=134"}],"version-history":[{"count":11,"href":"https:\/\/www.kindergarten-traunreut.de\/cms\/wp-json\/wp\/v2\/pages\/134\/revisions"}],"predecessor-version":[{"id":1681,"href":"https:\/\/www.kindergarten-traunreut.de\/cms\/wp-json\/wp\/v2\/pages\/134\/revisions\/1681"}],"wp:attachment":[{"href":"https:\/\/www.kindergarten-traunreut.de\/cms\/wp-json\/wp\/v2\/media?parent=134"}],"curies":[{"name":"wp","href":"https:\/\/api.w.org\/{rel}","templated":true}]}}