{"id":1338,"date":"2021-05-04T13:49:12","date_gmt":"2021-05-04T11:49:12","guid":{"rendered":"https:\/\/www.kindergarten-traunreut.de\/cms\/?page_id=1338"},"modified":"2021-05-05T11:23:50","modified_gmt":"2021-05-05T09:23:50","slug":"eingewoehnung-neuer-kinder","status":"publish","type":"page","link":"https:\/\/www.kindergarten-traunreut.de\/cms\/anmeldung-aufnahme\/eingewoehnung-neuer-kinder\/","title":{"rendered":"Eingew\u00f6hnung neuer Kinder"},"content":{"rendered":"<p><span class=\"Stil4\">Vor dem 1. Kindergartentag finden Infoveranstaltungen und Schnuppertage statt.<\/span><\/p>\n<p><span class=\"Stil4\"><br \/>\n<strong>Die Eingew\u00f6hnungsphase gestalten wir mit Ihnen gemeinsam unter Ber\u00fccksichtigung individueller Bed\u00fcrfnisse Ihres Kindes.<\/strong><\/span><\/p>\n<p>&nbsp;<\/p>\n<h2><strong>Eingew\u00f6hnung neuer Kinder<\/strong><span class=\"Stil4\"><br \/>\n<\/span><\/h2>\n<p>H\u00e4ufig ist es das erste Mal, dass sich ein Kind von seiner Familie jeden Tag f\u00fcr einige Stunden l\u00f6st und eigene Wege in einer neuen Umgebung geht. F\u00fcr Eltern, deren erstes Kind in den Kindergarten kommt, kann es eine neue Erfahrung sein, dass nun weitere Personen an der Erziehung ihres Kindes beteiligt sind. Diese gemeinsame Verantwortung erfordert nicht nur Akzeptanz, sondern auch ein Verhalten, das auf gegenseitige Offenheit und Abstimmung hin ausgerichtet ist. F\u00fcr Kinder und Eltern ist die erste Zeit oft mit starken Gef\u00fchlen, nicht selten auch mit Stress verbunden.<\/p>\n<h2><strong>Eingew\u00f6hnungsprozess in unserem Kindergarten<\/strong><\/h2>\n<ul>\n<li>Informationsnachmittag<\/li>\n<li>Aufnahmegespr\u00e4ch<\/li>\n<li>Schnupperstunden<\/li>\n<li>Der erste Tag<\/li>\n<li>Die ersten Wochen<\/li>\n<li>1. Elterngespr\u00e4ch<\/li>\n<\/ul>\n<p>Um den \u00dcbergang des Kindes vom Elternhaus in den Kindergarten so leicht wie m\u00f6glich zu gestalten, bieten wir bereits im Fr\u00fchjahr einen\u00a0<strong>Informationsnachmittag<\/strong>\u00a0an.<\/p>\n<p>An diesem Nachmittag stellen wir unsere p\u00e4dagogische Arbeit und die Eingew\u00f6hnungszeit vor. Au\u00dferdem haben die Eltern die M\u00f6glichkeit Fragen zu stellen, sie lernen die Mitarbeiter der Gruppe, die R\u00e4umlichkeiten und auch die anderen \u201eneuen\u201c Kinder und Eltern kennen. Ein Termin f\u00fcr das Aufnahmegespr\u00e4ch und den 1. Kindergartentag wird ebenfalls ausgemacht.<\/p>\n<p>Betreuungsvertrag, Kindergartenordnung, Buchungsbeleg, Abholberechtigung, Nachweis der letzten U-Untersuchung, Impfpass und ein Fragebogen \u00fcber jedes Kind werden beim <strong>Aufnahmegespr\u00e4ch\u00a0<\/strong>erkl\u00e4rt und gemeinsam ausgef\u00fcllt.<\/p>\n<p>Damit sich das neue Kind einen Kindergartentag vorstellen kann, bieten wir ein bis zwei <strong>Schnupperstunden<\/strong> an. Mit Absprache der Gruppenerzieherin kann das Kind alleine oder mit Eltern jeweils eine Stunde am Vormittag oder Nachmittag in den Kindergarten kommen.<\/p>\n<p>Am\u00a0<strong>1. Kindergartentag<\/strong>\u00a0im September, nehmen wir wenn m\u00f6glich immer nur zwei neue Kinder auf, so haben wir mehr Zeit f\u00fcr Eltern und das einzelne Kind.<\/p>\n<p>Die\u00a0<strong>Eingew\u00f6hnungszeit\u00a0<\/strong>gestalten wir ganz individuell f\u00fcr jedes Kind. So kommt es vielleicht die ersten Tage nur eine Stunde in den Kindergarten, danach 2 Stunden usw.<\/p>\n<p>Wir f\u00fchren f\u00fcr jedes Kind ein\u00a0<strong>Eingew\u00f6hnungstagebuch<\/strong>.<\/p>\n<p>Nach 8 bis 10 Wochen l\u00e4dt die Gruppenerzieherin zu einem\u00a0<strong>ersten Elterngespr\u00e4ch<\/strong>\u00a0ein. Hierbei wird der Eingew\u00f6hnungsprozess aus Sicht der Eltern und der Erzieherin reflektiert.<\/p>\n","protected":false},"excerpt":{"rendered":"<p>Vor dem 1. Kindergartentag finden Infoveranstaltungen und Schnuppertage statt. Die Eingew\u00f6hnungsphase gestalten wir mit Ihnen gemeinsam unter Ber\u00fccksichtigung individueller Bed\u00fcrfnisse Ihres Kindes. &nbsp; Eingew\u00f6hnung neuer Kinder H\u00e4ufig ist es das erste Mal, dass sich ein Kind von seiner Familie jeden Tag f\u00fcr einige Stunden l\u00f6st und eigene Wege in einer neuen Umgebung geht. F\u00fcr Eltern, &#8230; <a title=\"Eingew\u00f6hnung neuer Kinder\" class=\"read-more\" href=\"https:\/\/www.kindergarten-traunreut.de\/cms\/anmeldung-aufnahme\/eingewoehnung-neuer-kinder\/\" aria-label=\"Mehr dazu unter Eingew\u00f6hnung neuer Kinder\">Weiterlesen<\/a><\/p>\n","protected":false},"author":1,"featured_media":0,"parent":136,"menu_order":2,"comment_status":"closed","ping_status":"closed","template":"","meta":{"footnotes":""},"class_list":["post-1338","page","type-page","status-publish"],"_links":{"self":[{"href":"https:\/\/www.kindergarten-traunreut.de\/cms\/wp-json\/wp\/v2\/pages\/1338","targetHints":{"allow":["GET"]}}],"collection":[{"href":"https:\/\/www.kindergarten-traunreut.de\/cms\/wp-json\/wp\/v2\/pages"}],"about":[{"href":"https:\/\/www.kindergarten-traunreut.de\/cms\/wp-json\/wp\/v2\/types\/page"}],"author":[{"embeddable":true,"href":"https:\/\/www.kindergarten-traunreut.de\/cms\/wp-json\/wp\/v2\/users\/1"}],"replies":[{"embeddable":true,"href":"https:\/\/www.kindergarten-traunreut.de\/cms\/wp-json\/wp\/v2\/comments?post=1338"}],"version-history":[{"count":5,"href":"https:\/\/www.kindergarten-traunreut.de\/cms\/wp-json\/wp\/v2\/pages\/1338\/revisions"}],"predecessor-version":[{"id":1379,"href":"https:\/\/www.kindergarten-traunreut.de\/cms\/wp-json\/wp\/v2\/pages\/1338\/revisions\/1379"}],"up":[{"embeddable":true,"href":"https:\/\/www.kindergarten-traunreut.de\/cms\/wp-json\/wp\/v2\/pages\/136"}],"wp:attachment":[{"href":"https:\/\/www.kindergarten-traunreut.de\/cms\/wp-json\/wp\/v2\/media?parent=1338"}],"curies":[{"name":"wp","href":"https:\/\/api.w.org\/{rel}","templated":true}]}}